{"id":1389,"date":"2024-07-02T11:51:37","date_gmt":"2024-07-02T09:51:37","guid":{"rendered":"https:\/\/western-kiosk.nfhotel.usermd.net\/?page_id=1389"},"modified":"2024-07-02T11:51:39","modified_gmt":"2024-07-02T09:51:39","slug":"checkout","status":"publish","type":"page","link":"https:\/\/western-kiosk.nfhotel.usermd.net\/sk\/checkout\/","title":{"rendered":"Kiosk - Wymeldunek"},"content":{"rendered":"","protected":false},"excerpt":{"rendered":"","protected":false},"author":3,"featured_media":0,"parent":0,"menu_order":0,"comment_status":"closed","ping_status":"closed","template":"","meta":{"_acf_changed":false,"footnotes":""},"acf":[],"yoast_head":"<!-- This site is optimized with the Yoast SEO plugin v23.0 - https:\/\/yoast.com\/wordpress\/plugins\/seo\/ -->\n<title>Kiosk - Wymeldunek - KIOSK<\/title>\n<meta name=\"robots\" content=\"noindex, follow, max-snippet:-1, max-image-preview:large, max-video-preview:-1\" \/>\n<meta property=\"og:locale\" content=\"sk_SK\" \/>\n<meta property=\"og:type\" content=\"article\" \/>\n<meta property=\"og:title\" content=\"Kiosk - Wymeldunek - KIOSK\" \/>\n<meta property=\"og:url\" content=\"https:\/\/western-kiosk.nfhotel.usermd.net\/sk\/checkout\/\" \/>\n<meta property=\"og:site_name\" content=\"KIOSK\" \/>\n<meta property=\"article:modified_time\" content=\"2024-07-02T09:51:39+00:00\" \/>\n<meta name=\"twitter:card\" content=\"summary_large_image\" \/>\n<meta name=\"twitter:label1\" content=\"Predpokladan\u00fd \u010das \u010d\u00edtania\" \/>\n\t<meta name=\"twitter:data1\" content=\"1 min\u00fata\" \/>\n<script type=\"application\/ld+json\" class=\"yoast-schema-graph\">{\"@context\":\"https:\/\/schema.org\",\"@graph\":[{\"@type\":\"WebPage\",\"@id\":\"https:\/\/western-kiosk.nfhotel.usermd.net\/checkout\/\",\"url\":\"https:\/\/western-kiosk.nfhotel.usermd.net\/checkout\/\",\"name\":\"Kiosk - Wymeldunek - KIOSK\",\"isPartOf\":{\"@id\":\"https:\/\/western-kiosk.nfhotel.usermd.net\/#website\"},\"datePublished\":\"2024-07-02T09:51:37+00:00\",\"dateModified\":\"2024-07-02T09:51:39+00:00\",\"breadcrumb\":{\"@id\":\"https:\/\/western-kiosk.nfhotel.usermd.net\/checkout\/#breadcrumb\"},\"inLanguage\":\"sk-SK\",\"potentialAction\":[{\"@type\":\"ReadAction\",\"target\":[\"https:\/\/western-kiosk.nfhotel.usermd.net\/checkout\/\"]}]},{\"@type\":\"BreadcrumbList\",\"@id\":\"https:\/\/western-kiosk.nfhotel.usermd.net\/checkout\/#breadcrumb\",\"itemListElement\":[{\"@type\":\"ListItem\",\"position\":1,\"name\":\"Strona g\u0142\u00f3wna\",\"item\":\"https:\/\/western-kiosk.nfhotel.usermd.net\/\"},{\"@type\":\"ListItem\",\"position\":2,\"name\":\"Kiosk - Wymeldunek\"}]},{\"@type\":\"WebSite\",\"@id\":\"https:\/\/western-kiosk.nfhotel.usermd.net\/#website\",\"url\":\"https:\/\/western-kiosk.nfhotel.usermd.net\/\",\"name\":\"Western Kiosk\",\"description\":\"\",\"potentialAction\":[{\"@type\":\"SearchAction\",\"target\":{\"@type\":\"EntryPoint\",\"urlTemplate\":\"https:\/\/western-kiosk.nfhotel.usermd.net\/?s={search_term_string}\"},\"query-input\":\"required name=search_term_string\"}],\"inLanguage\":\"sk-SK\"}]}<\/script>\n<!-- \/ Yoast SEO plugin. -->","yoast_head_json":{"title":"Kiosk - Wymeldunek - KIOSK","robots":{"index":"noindex","follow":"follow","max-snippet":"max-snippet:-1","max-image-preview":"max-image-preview:large","max-video-preview":"max-video-preview:-1"},"og_locale":"sk_SK","og_type":"article","og_title":"Kiosk - Wymeldunek - KIOSK","og_url":"https:\/\/western-kiosk.nfhotel.usermd.net\/sk\/checkout\/","og_site_name":"KIOSK","article_modified_time":"2024-07-02T09:51:39+00:00","twitter_card":"summary_large_image","twitter_misc":{"Predpokladan\u00fd \u010das \u010d\u00edtania":"1 min\u00fata"},"schema":{"@context":"https:\/\/schema.org","@graph":[{"@type":"WebPage","@id":"https:\/\/western-kiosk.nfhotel.usermd.net\/checkout\/","url":"https:\/\/western-kiosk.nfhotel.usermd.net\/checkout\/","name":"Kiosk - Wymeldunek - KIOSK","isPartOf":{"@id":"https:\/\/western-kiosk.nfhotel.usermd.net\/#website"},"datePublished":"2024-07-02T09:51:37+00:00","dateModified":"2024-07-02T09:51:39+00:00","breadcrumb":{"@id":"https:\/\/western-kiosk.nfhotel.usermd.net\/checkout\/#breadcrumb"},"inLanguage":"sk-SK","potentialAction":[{"@type":"ReadAction","target":["https:\/\/western-kiosk.nfhotel.usermd.net\/checkout\/"]}]},{"@type":"BreadcrumbList","@id":"https:\/\/western-kiosk.nfhotel.usermd.net\/checkout\/#breadcrumb","itemListElement":[{"@type":"ListItem","position":1,"name":"Strona g\u0142\u00f3wna","item":"https:\/\/western-kiosk.nfhotel.usermd.net\/"},{"@type":"ListItem","position":2,"name":"Kiosk - Wymeldunek"}]},{"@type":"WebSite","@id":"https:\/\/western-kiosk.nfhotel.usermd.net\/#website","url":"https:\/\/western-kiosk.nfhotel.usermd.net\/","name":"Western Kiosk","description":"","potentialAction":[{"@type":"SearchAction","target":{"@type":"EntryPoint","urlTemplate":"https:\/\/western-kiosk.nfhotel.usermd.net\/?s={search_term_string}"},"query-input":"required name=search_term_string"}],"inLanguage":"sk-SK"}]}},"_links":{"self":[{"href":"https:\/\/western-kiosk.nfhotel.usermd.net\/sk\/wp-json\/wp\/v2\/pages\/1389"}],"collection":[{"href":"https:\/\/western-kiosk.nfhotel.usermd.net\/sk\/wp-json\/wp\/v2\/pages"}],"about":[{"href":"https:\/\/western-kiosk.nfhotel.usermd.net\/sk\/wp-json\/wp\/v2\/types\/page"}],"author":[{"embeddable":true,"href":"https:\/\/western-kiosk.nfhotel.usermd.net\/sk\/wp-json\/wp\/v2\/users\/3"}],"replies":[{"embeddable":true,"href":"https:\/\/western-kiosk.nfhotel.usermd.net\/sk\/wp-json\/wp\/v2\/comments?post=1389"}],"version-history":[{"count":1,"href":"https:\/\/western-kiosk.nfhotel.usermd.net\/sk\/wp-json\/wp\/v2\/pages\/1389\/revisions"}],"predecessor-version":[{"id":1390,"href":"https:\/\/western-kiosk.nfhotel.usermd.net\/sk\/wp-json\/wp\/v2\/pages\/1389\/revisions\/1390"}],"wp:attachment":[{"href":"https:\/\/western-kiosk.nfhotel.usermd.net\/sk\/wp-json\/wp\/v2\/media?parent=1389"}],"curies":[{"name":"wp","href":"https:\/\/api.w.org\/{rel}","templated":true}]}}